{"id":20,"date":"2025-09-01T19:14:09","date_gmt":"2025-09-01T19:14:09","guid":{"rendered":"https:\/\/darkblue-heron-258940.hostingersite.com\/minha-conta\/"},"modified":"2025-09-05T05:18:07","modified_gmt":"2025-09-05T05:18:07","slug":"minha-conta","status":"publish","type":"page","link":"https:\/\/dripcodestore.com\/pt\/minha-conta\/","title":{"rendered":"Minha conta"},"content":{"rendered":"<div data-elementor-type=\"wp-page\" data-elementor-id=\"20\" class=\"elementor elementor-20\" data-elementor-post-type=\"page\">\n\t\t\t\t<div class=\"elementor-element elementor-element-eaec622 e-flex e-con-boxed e-con e-parent\" data-id=\"eaec622\" data-element_type=\"container\" data-e-type=\"container\">\n\t\t\t\t\t<div class=\"e-con-inner\">\n\t\t\t\t<div class=\"elementor-element elementor-element-6a51daf e-my-account-tabs-horizontal elementor-widget elementor-widget-woocommerce-my-account\" data-id=\"6a51daf\" data-element_type=\"widget\" data-e-type=\"widget\" data-widget_type=\"woocommerce-my-account.default\">\n\t\t\t\t\t<div class=\"e-my-account-tab e-my-account-tab__\">\t\t\t<div class=\"woocommerce\"><\/div>\t\t<\/div>\n\t\t\t\t\t\t<\/div>\n\t\t\t\t\t<\/div>\n\t\t\t\t<\/div>\n\t\t\t\t<\/div>","protected":false},"excerpt":{"rendered":"<p>Painel Pedidos Downloads Morada Detalhes da Conta Sair Painel Pedidos Downloads Morada Detalhes da Conta Sair Ol\u00e1 (n\u00e3o \u00e9 ? Sair) No painel da sua conta pode ver as encomendas mais recentes, gerir as moradas de envio e de factura\u00e7\u00e3o e editar os detalhes e a senha da conta.<\/p>","protected":false},"author":1,"featured_media":0,"parent":0,"menu_order":0,"comment_status":"closed","ping_status":"closed","template":"elementor_header_footer","meta":{"_joinchat":[],"footnotes":""},"class_list":["post-20","page","type-page","status-publish","hentry"],"yoast_head":"<!-- This site is optimized with the Yoast SEO plugin v27.0 - https:\/\/yoast.com\/product\/yoast-seo-wordpress\/ -->\n<title>Minha conta - DripCode Store<\/title>\n<meta name=\"robots\" content=\"index, follow, max-snippet:-1, max-image-preview:large, max-video-preview:-1\" \/>\n<link rel=\"canonical\" href=\"https:\/\/dripcodestore.com\/pt\/minha-conta\/\" \/>\n<meta property=\"og:locale\" content=\"pt_BR\" \/>\n<meta property=\"og:type\" content=\"article\" \/>\n<meta property=\"og:title\" content=\"Minha conta - DripCode Store\" \/>\n<meta property=\"og:description\" content=\"Painel Pedidos Downloads Morada Detalhes da Conta Sair Painel Pedidos Downloads Morada Detalhes da Conta Sair Ol\u00e1 (n\u00e3o \u00e9 ? Sair) No painel da sua conta pode ver as encomendas mais recentes, gerir as moradas de envio e de factura\u00e7\u00e3o e editar os detalhes e a senha da conta.\" \/>\n<meta property=\"og:url\" content=\"https:\/\/dripcodestore.com\/pt\/minha-conta\/\" \/>\n<meta property=\"og:site_name\" content=\"DripCode Store\" \/>\n<meta property=\"article:modified_time\" content=\"2025-09-05T05:18:07+00:00\" \/>\n<meta property=\"og:image\" content=\"https:\/\/dripcodestore.com\/wp-content\/uploads\/2025\/10\/drip.jpeg\" \/>\n\t<meta property=\"og:image:width\" content=\"1024\" \/>\n\t<meta property=\"og:image:height\" content=\"1024\" \/>\n\t<meta property=\"og:image:type\" content=\"image\/jpeg\" \/>\n<meta name=\"twitter:card\" content=\"summary_large_image\" \/>\n<script type=\"application\/ld+json\" class=\"yoast-schema-graph\">{\"@context\":\"https:\/\/schema.org\",\"@graph\":[{\"@type\":\"WebPage\",\"@id\":\"https:\/\/dripcodestore.com\/minha-conta\/\",\"url\":\"https:\/\/dripcodestore.com\/minha-conta\/\",\"name\":\"Minha conta - DripCode Store\",\"isPartOf\":{\"@id\":\"https:\/\/dripcodestore.com\/#website\"},\"datePublished\":\"2025-09-01T19:14:09+00:00\",\"dateModified\":\"2025-09-05T05:18:07+00:00\",\"breadcrumb\":{\"@id\":\"https:\/\/dripcodestore.com\/minha-conta\/#breadcrumb\"},\"inLanguage\":\"pt-BR\",\"potentialAction\":[{\"@type\":\"ReadAction\",\"target\":[\"https:\/\/dripcodestore.com\/minha-conta\/\"]}]},{\"@type\":\"BreadcrumbList\",\"@id\":\"https:\/\/dripcodestore.com\/minha-conta\/#breadcrumb\",\"itemListElement\":[{\"@type\":\"ListItem\",\"position\":1,\"name\":\"In\u00edcio\",\"item\":\"https:\/\/dripcodestore.com\/\"},{\"@type\":\"ListItem\",\"position\":2,\"name\":\"Minha conta\"}]},{\"@type\":\"WebSite\",\"@id\":\"https:\/\/dripcodestore.com\/#website\",\"url\":\"https:\/\/dripcodestore.com\/\",\"name\":\"DripCode Store\",\"description\":\"\",\"publisher\":{\"@id\":\"https:\/\/dripcodestore.com\/#organization\"},\"potentialAction\":[{\"@type\":\"SearchAction\",\"target\":{\"@type\":\"EntryPoint\",\"urlTemplate\":\"https:\/\/dripcodestore.com\/?s={search_term_string}\"},\"query-input\":{\"@type\":\"PropertyValueSpecification\",\"valueRequired\":true,\"valueName\":\"search_term_string\"}}],\"inLanguage\":\"pt-BR\"},{\"@type\":\"Organization\",\"@id\":\"https:\/\/dripcodestore.com\/#organization\",\"name\":\"DripCode Store\",\"url\":\"https:\/\/dripcodestore.com\/\",\"logo\":{\"@type\":\"ImageObject\",\"inLanguage\":\"pt-BR\",\"@id\":\"https:\/\/dripcodestore.com\/#\/schema\/logo\/image\/\",\"url\":\"https:\/\/dripcodestore.com\/wp-content\/uploads\/2025\/10\/drip.jpeg\",\"contentUrl\":\"https:\/\/dripcodestore.com\/wp-content\/uploads\/2025\/10\/drip.jpeg\",\"width\":1024,\"height\":1024,\"caption\":\"DripCode Store\"},\"image\":{\"@id\":\"https:\/\/dripcodestore.com\/#\/schema\/logo\/image\/\"}}]}<\/script>\n<!-- \/ Yoast SEO plugin. -->","yoast_head_json":{"title":"Minha conta - DripCode Store","robots":{"index":"index","follow":"follow","max-snippet":"max-snippet:-1","max-image-preview":"max-image-preview:large","max-video-preview":"max-video-preview:-1"},"canonical":"https:\/\/dripcodestore.com\/pt\/minha-conta\/","og_locale":"pt_BR","og_type":"article","og_title":"Minha conta - DripCode Store","og_description":"Painel Pedidos Downloads Morada Detalhes da Conta Sair Painel Pedidos Downloads Morada Detalhes da Conta Sair Ol\u00e1 (n\u00e3o \u00e9 ? Sair) No painel da sua conta pode ver as encomendas mais recentes, gerir as moradas de envio e de factura\u00e7\u00e3o e editar os detalhes e a senha da conta.","og_url":"https:\/\/dripcodestore.com\/pt\/minha-conta\/","og_site_name":"DripCode Store","article_modified_time":"2025-09-05T05:18:07+00:00","og_image":[{"width":1024,"height":1024,"url":"https:\/\/dripcodestore.com\/wp-content\/uploads\/2025\/10\/drip.jpeg","type":"image\/jpeg"}],"twitter_card":"summary_large_image","schema":{"@context":"https:\/\/schema.org","@graph":[{"@type":"WebPage","@id":"https:\/\/dripcodestore.com\/minha-conta\/","url":"https:\/\/dripcodestore.com\/minha-conta\/","name":"Minha conta - DripCode Store","isPartOf":{"@id":"https:\/\/dripcodestore.com\/#website"},"datePublished":"2025-09-01T19:14:09+00:00","dateModified":"2025-09-05T05:18:07+00:00","breadcrumb":{"@id":"https:\/\/dripcodestore.com\/minha-conta\/#breadcrumb"},"inLanguage":"pt-BR","potentialAction":[{"@type":"ReadAction","target":["https:\/\/dripcodestore.com\/minha-conta\/"]}]},{"@type":"BreadcrumbList","@id":"https:\/\/dripcodestore.com\/minha-conta\/#breadcrumb","itemListElement":[{"@type":"ListItem","position":1,"name":"In\u00edcio","item":"https:\/\/dripcodestore.com\/"},{"@type":"ListItem","position":2,"name":"Minha conta"}]},{"@type":"WebSite","@id":"https:\/\/dripcodestore.com\/#website","url":"https:\/\/dripcodestore.com\/","name":"DripCode Store","description":"","publisher":{"@id":"https:\/\/dripcodestore.com\/#organization"},"potentialAction":[{"@type":"SearchAction","target":{"@type":"EntryPoint","urlTemplate":"https:\/\/dripcodestore.com\/?s={search_term_string}"},"query-input":{"@type":"PropertyValueSpecification","valueRequired":true,"valueName":"search_term_string"}}],"inLanguage":"pt-BR"},{"@type":"Organization","@id":"https:\/\/dripcodestore.com\/#organization","name":"DripCode Store","url":"https:\/\/dripcodestore.com\/","logo":{"@type":"ImageObject","inLanguage":"pt-BR","@id":"https:\/\/dripcodestore.com\/#\/schema\/logo\/image\/","url":"https:\/\/dripcodestore.com\/wp-content\/uploads\/2025\/10\/drip.jpeg","contentUrl":"https:\/\/dripcodestore.com\/wp-content\/uploads\/2025\/10\/drip.jpeg","width":1024,"height":1024,"caption":"DripCode Store"},"image":{"@id":"https:\/\/dripcodestore.com\/#\/schema\/logo\/image\/"}}]}},"_links":{"self":[{"href":"https:\/\/dripcodestore.com\/pt\/wp-json\/wp\/v2\/pages\/20","targetHints":{"allow":["GET"]}}],"collection":[{"href":"https:\/\/dripcodestore.com\/pt\/wp-json\/wp\/v2\/pages"}],"about":[{"href":"https:\/\/dripcodestore.com\/pt\/wp-json\/wp\/v2\/types\/page"}],"author":[{"embeddable":true,"href":"https:\/\/dripcodestore.com\/pt\/wp-json\/wp\/v2\/users\/1"}],"replies":[{"embeddable":true,"href":"https:\/\/dripcodestore.com\/pt\/wp-json\/wp\/v2\/comments?post=20"}],"version-history":[{"count":18,"href":"https:\/\/dripcodestore.com\/pt\/wp-json\/wp\/v2\/pages\/20\/revisions"}],"predecessor-version":[{"id":483,"href":"https:\/\/dripcodestore.com\/pt\/wp-json\/wp\/v2\/pages\/20\/revisions\/483"}],"wp:attachment":[{"href":"https:\/\/dripcodestore.com\/pt\/wp-json\/wp\/v2\/media?parent=20"}],"curies":[{"name":"wp","href":"https:\/\/api.w.org\/{rel}","templated":true}]}}