{"id":1341,"date":"2025-09-23T15:53:08","date_gmt":"2025-09-23T15:53:08","guid":{"rendered":"https:\/\/dripcodestore.com\/?post_type=product&#038;p=1341"},"modified":"2026-03-19T17:09:11","modified_gmt":"2026-03-19T17:09:11","slug":"adidas-samba-castanho","status":"publish","type":"product","link":"https:\/\/dripcodestore.com\/pt\/produto\/adidas-samba-castanho\/","title":{"rendered":"Adidas Samba Castanho"},"content":{"rendered":"<ul>\n<li>Portes de Envio Gr\u00e1tis<\/li>\n<li>Entregas em 24\/48 horas<\/li>\n<li>Desconto de 10\u20ac na compra de 2 pares<\/li>\n<\/ul>","protected":false},"excerpt":{"rendered":"<p>Descobre as Adidas Samba Castanho: o cl\u00e1ssico retro da Adidas, confort\u00e1vel e vers\u00e1til, perfeito para looks urbanos e casuais.<\/p>","protected":false},"featured_media":1350,"comment_status":"open","ping_status":"closed","template":"","meta":{"_joinchat":[]},"product_brand":[],"product_cat":[19,63,60],"product_tag":[],"class_list":{"0":"post-1341","1":"product","2":"type-product","3":"status-publish","4":"has-post-thumbnail","6":"product_cat-adidas","7":"product_cat-mais-vendidos","8":"product_cat-samba","10":"first","11":"instock","12":"featured","13":"shipping-taxable","14":"purchasable","15":"product-type-variable"},"yoast_head":"<!-- This site is optimized with the Yoast SEO plugin v27.0 - https:\/\/yoast.com\/product\/yoast-seo-wordpress\/ -->\n<title>Adidas Samba Castanho - DripCode Store<\/title>\n<meta name=\"robots\" content=\"index, follow, max-snippet:-1, max-image-preview:large, max-video-preview:-1\" \/>\n<link rel=\"canonical\" href=\"https:\/\/dripcodestore.com\/pt\/produto\/adidas-samba-castanho\/\" \/>\n<meta property=\"og:locale\" content=\"pt_BR\" \/>\n<meta property=\"og:type\" content=\"article\" \/>\n<meta property=\"og:title\" content=\"Adidas Samba Castanho - DripCode Store\" \/>\n<meta property=\"og:description\" content=\"Descobre as Adidas Samba Castanho: o cl\u00e1ssico retro da Adidas, confort\u00e1vel e vers\u00e1til, perfeito para looks urbanos e casuais.\" \/>\n<meta property=\"og:url\" content=\"https:\/\/dripcodestore.com\/pt\/produto\/adidas-samba-castanho\/\" \/>\n<meta property=\"og:site_name\" content=\"DripCode Store\" \/>\n<meta property=\"article:modified_time\" content=\"2026-03-19T17:09:11+00:00\" \/>\n<meta property=\"og:image\" content=\"https:\/\/dripcodestore.com\/wp-content\/uploads\/2025\/09\/Adidas-Samba-Castanho-e1761058519602.jpg\" \/>\n\t<meta property=\"og:image:width\" content=\"736\" \/>\n\t<meta property=\"og:image:height\" content=\"736\" \/>\n\t<meta property=\"og:image:type\" content=\"image\/jpeg\" \/>\n<meta name=\"twitter:card\" content=\"summary_large_image\" \/>\n<meta name=\"twitter:label1\" content=\"Est. tempo de leitura\" \/>\n\t<meta name=\"twitter:data1\" content=\"1 minuto\" \/>\n<script type=\"application\/ld+json\" class=\"yoast-schema-graph\">{\"@context\":\"https:\/\/schema.org\",\"@graph\":[{\"@type\":\"WebPage\",\"@id\":\"https:\/\/dripcodestore.com\/produto\/adidas-samba-castanho\/\",\"url\":\"https:\/\/dripcodestore.com\/produto\/adidas-samba-castanho\/\",\"name\":\"Adidas Samba Castanho - DripCode Store\",\"isPartOf\":{\"@id\":\"https:\/\/dripcodestore.com\/#website\"},\"primaryImageOfPage\":{\"@id\":\"https:\/\/dripcodestore.com\/produto\/adidas-samba-castanho\/#primaryimage\"},\"image\":{\"@id\":\"https:\/\/dripcodestore.com\/produto\/adidas-samba-castanho\/#primaryimage\"},\"thumbnailUrl\":\"https:\/\/dripcodestore.com\/wp-content\/uploads\/2025\/09\/Adidas-Samba-Castanho-e1761058519602.jpg\",\"datePublished\":\"2025-09-23T15:53:08+00:00\",\"dateModified\":\"2026-03-19T17:09:11+00:00\",\"breadcrumb\":{\"@id\":\"https:\/\/dripcodestore.com\/produto\/adidas-samba-castanho\/#breadcrumb\"},\"inLanguage\":\"pt-BR\",\"potentialAction\":[{\"@type\":\"ReadAction\",\"target\":[\"https:\/\/dripcodestore.com\/produto\/adidas-samba-castanho\/\"]}]},{\"@type\":\"ImageObject\",\"inLanguage\":\"pt-BR\",\"@id\":\"https:\/\/dripcodestore.com\/produto\/adidas-samba-castanho\/#primaryimage\",\"url\":\"https:\/\/dripcodestore.com\/wp-content\/uploads\/2025\/09\/Adidas-Samba-Castanho-e1761058519602.jpg\",\"contentUrl\":\"https:\/\/dripcodestore.com\/wp-content\/uploads\/2025\/09\/Adidas-Samba-Castanho-e1761058519602.jpg\",\"width\":736,\"height\":736},{\"@type\":\"BreadcrumbList\",\"@id\":\"https:\/\/dripcodestore.com\/produto\/adidas-samba-castanho\/#breadcrumb\",\"itemListElement\":[{\"@type\":\"ListItem\",\"position\":1,\"name\":\"In\u00edcio\",\"item\":\"https:\/\/dripcodestore.com\/\"},{\"@type\":\"ListItem\",\"position\":2,\"name\":\"Loja\",\"item\":\"https:\/\/dripcodestore.com\/loja\/\"},{\"@type\":\"ListItem\",\"position\":3,\"name\":\"Adidas Samba Castanho\"}]},{\"@type\":\"WebSite\",\"@id\":\"https:\/\/dripcodestore.com\/#website\",\"url\":\"https:\/\/dripcodestore.com\/\",\"name\":\"DripCode Store\",\"description\":\"\",\"publisher\":{\"@id\":\"https:\/\/dripcodestore.com\/#organization\"},\"potentialAction\":[{\"@type\":\"SearchAction\",\"target\":{\"@type\":\"EntryPoint\",\"urlTemplate\":\"https:\/\/dripcodestore.com\/?s={search_term_string}\"},\"query-input\":{\"@type\":\"PropertyValueSpecification\",\"valueRequired\":true,\"valueName\":\"search_term_string\"}}],\"inLanguage\":\"pt-BR\"},{\"@type\":\"Organization\",\"@id\":\"https:\/\/dripcodestore.com\/#organization\",\"name\":\"DripCode Store\",\"url\":\"https:\/\/dripcodestore.com\/\",\"logo\":{\"@type\":\"ImageObject\",\"inLanguage\":\"pt-BR\",\"@id\":\"https:\/\/dripcodestore.com\/#\/schema\/logo\/image\/\",\"url\":\"https:\/\/dripcodestore.com\/wp-content\/uploads\/2025\/10\/drip.jpeg\",\"contentUrl\":\"https:\/\/dripcodestore.com\/wp-content\/uploads\/2025\/10\/drip.jpeg\",\"width\":1024,\"height\":1024,\"caption\":\"DripCode Store\"},\"image\":{\"@id\":\"https:\/\/dripcodestore.com\/#\/schema\/logo\/image\/\"}}]}<\/script>\n<!-- \/ Yoast SEO plugin. -->","yoast_head_json":{"title":"Adidas Samba Castanho - DripCode Store","robots":{"index":"index","follow":"follow","max-snippet":"max-snippet:-1","max-image-preview":"max-image-preview:large","max-video-preview":"max-video-preview:-1"},"canonical":"https:\/\/dripcodestore.com\/pt\/produto\/adidas-samba-castanho\/","og_locale":"pt_BR","og_type":"article","og_title":"Adidas Samba Castanho - DripCode Store","og_description":"Descobre as Adidas Samba Castanho: o cl\u00e1ssico retro da Adidas, confort\u00e1vel e vers\u00e1til, perfeito para looks urbanos e casuais.","og_url":"https:\/\/dripcodestore.com\/pt\/produto\/adidas-samba-castanho\/","og_site_name":"DripCode Store","article_modified_time":"2026-03-19T17:09:11+00:00","og_image":[{"width":736,"height":736,"url":"https:\/\/dripcodestore.com\/wp-content\/uploads\/2025\/09\/Adidas-Samba-Castanho-e1761058519602.jpg","type":"image\/jpeg"}],"twitter_card":"summary_large_image","twitter_misc":{"Est. tempo de leitura":"1 minuto"},"schema":{"@context":"https:\/\/schema.org","@graph":[{"@type":"WebPage","@id":"https:\/\/dripcodestore.com\/produto\/adidas-samba-castanho\/","url":"https:\/\/dripcodestore.com\/produto\/adidas-samba-castanho\/","name":"Adidas Samba Castanho - DripCode Store","isPartOf":{"@id":"https:\/\/dripcodestore.com\/#website"},"primaryImageOfPage":{"@id":"https:\/\/dripcodestore.com\/produto\/adidas-samba-castanho\/#primaryimage"},"image":{"@id":"https:\/\/dripcodestore.com\/produto\/adidas-samba-castanho\/#primaryimage"},"thumbnailUrl":"https:\/\/dripcodestore.com\/wp-content\/uploads\/2025\/09\/Adidas-Samba-Castanho-e1761058519602.jpg","datePublished":"2025-09-23T15:53:08+00:00","dateModified":"2026-03-19T17:09:11+00:00","breadcrumb":{"@id":"https:\/\/dripcodestore.com\/produto\/adidas-samba-castanho\/#breadcrumb"},"inLanguage":"pt-BR","potentialAction":[{"@type":"ReadAction","target":["https:\/\/dripcodestore.com\/produto\/adidas-samba-castanho\/"]}]},{"@type":"ImageObject","inLanguage":"pt-BR","@id":"https:\/\/dripcodestore.com\/produto\/adidas-samba-castanho\/#primaryimage","url":"https:\/\/dripcodestore.com\/wp-content\/uploads\/2025\/09\/Adidas-Samba-Castanho-e1761058519602.jpg","contentUrl":"https:\/\/dripcodestore.com\/wp-content\/uploads\/2025\/09\/Adidas-Samba-Castanho-e1761058519602.jpg","width":736,"height":736},{"@type":"BreadcrumbList","@id":"https:\/\/dripcodestore.com\/produto\/adidas-samba-castanho\/#breadcrumb","itemListElement":[{"@type":"ListItem","position":1,"name":"In\u00edcio","item":"https:\/\/dripcodestore.com\/"},{"@type":"ListItem","position":2,"name":"Loja","item":"https:\/\/dripcodestore.com\/loja\/"},{"@type":"ListItem","position":3,"name":"Adidas Samba Castanho"}]},{"@type":"WebSite","@id":"https:\/\/dripcodestore.com\/#website","url":"https:\/\/dripcodestore.com\/","name":"DripCode Store","description":"","publisher":{"@id":"https:\/\/dripcodestore.com\/#organization"},"potentialAction":[{"@type":"SearchAction","target":{"@type":"EntryPoint","urlTemplate":"https:\/\/dripcodestore.com\/?s={search_term_string}"},"query-input":{"@type":"PropertyValueSpecification","valueRequired":true,"valueName":"search_term_string"}}],"inLanguage":"pt-BR"},{"@type":"Organization","@id":"https:\/\/dripcodestore.com\/#organization","name":"DripCode Store","url":"https:\/\/dripcodestore.com\/","logo":{"@type":"ImageObject","inLanguage":"pt-BR","@id":"https:\/\/dripcodestore.com\/#\/schema\/logo\/image\/","url":"https:\/\/dripcodestore.com\/wp-content\/uploads\/2025\/10\/drip.jpeg","contentUrl":"https:\/\/dripcodestore.com\/wp-content\/uploads\/2025\/10\/drip.jpeg","width":1024,"height":1024,"caption":"DripCode Store"},"image":{"@id":"https:\/\/dripcodestore.com\/#\/schema\/logo\/image\/"}}]}},"_links":{"self":[{"href":"https:\/\/dripcodestore.com\/pt\/wp-json\/wp\/v2\/product\/1341","targetHints":{"allow":["GET"]}}],"collection":[{"href":"https:\/\/dripcodestore.com\/pt\/wp-json\/wp\/v2\/product"}],"about":[{"href":"https:\/\/dripcodestore.com\/pt\/wp-json\/wp\/v2\/types\/product"}],"replies":[{"embeddable":true,"href":"https:\/\/dripcodestore.com\/pt\/wp-json\/wp\/v2\/comments?post=1341"}],"wp:featuredmedia":[{"embeddable":true,"href":"https:\/\/dripcodestore.com\/pt\/wp-json\/wp\/v2\/media\/1350"}],"wp:attachment":[{"href":"https:\/\/dripcodestore.com\/pt\/wp-json\/wp\/v2\/media?parent=1341"}],"wp:term":[{"taxonomy":"product_brand","embeddable":true,"href":"https:\/\/dripcodestore.com\/pt\/wp-json\/wp\/v2\/product_brand?post=1341"},{"taxonomy":"product_cat","embeddable":true,"href":"https:\/\/dripcodestore.com\/pt\/wp-json\/wp\/v2\/product_cat?post=1341"},{"taxonomy":"product_tag","embeddable":true,"href":"https:\/\/dripcodestore.com\/pt\/wp-json\/wp\/v2\/product_tag?post=1341"}],"curies":[{"name":"wp","href":"https:\/\/api.w.org\/{rel}","templated":true}]}}