{"id":1863,"date":"2025-10-04T10:19:33","date_gmt":"2025-10-04T10:19:33","guid":{"rendered":"https:\/\/dripcodestore.com\/?post_type=product&#038;p=1863"},"modified":"2025-10-22T16:06:20","modified_gmt":"2025-10-22T15:06:20","slug":"nike-dunk-low-cinza-branco","status":"publish","type":"product","link":"https:\/\/dripcodestore.com\/pt\/produto\/nike-dunk-low-cinza-branco\/","title":{"rendered":"Nike Dunk Low Cinza\/Branco"},"content":{"rendered":"<div class=\"elementor-element elementor-element-05d4efc elementor-widget elementor-widget-woocommerce-product-content\" data-id=\"05d4efc\" data-element_type=\"widget\" data-widget_type=\"woocommerce-product-content.default\">\n<ul>\n<li>Portes de Envio Gr\u00e1tis<\/li>\n<li>Entregas em 24\/48 horas<\/li>\n<li>Desconto de 10\u20ac na compra de 2 pares<\/li>\n<\/ul>\n<\/div>\n<div class=\"elementor-element elementor-element-56dced6 e-add-to-cart--show-quantity-yes elementor-widget elementor-widget-woocommerce-product-add-to-cart\" data-id=\"56dced6\" data-element_type=\"widget\" data-widget_type=\"woocommerce-product-add-to-cart.default\"><\/div>\n<p>&nbsp;<\/p>","protected":false},"excerpt":{"rendered":"<p>As Nike Dunk Low s\u00e3o um \u00edcone do streetwear e da cultura sneaker. Inspiradas no basquetebol dos anos 80, estas sapatilhas combinam estilo cl\u00e1ssico com conforto moderno. Vers\u00e1teis e intemporais, as Nike Dunk Low adaptam-se a qualquer outfit, desde o casual ao urbano. Um must-have para colecionadores e amantes de sneakers.<\/p>","protected":false},"featured_media":1875,"comment_status":"open","ping_status":"closed","template":"","meta":{"_joinchat":[]},"product_brand":[],"product_cat":[77,63,16],"product_tag":[],"class_list":{"0":"post-1863","1":"product","2":"type-product","3":"status-publish","4":"has-post-thumbnail","6":"product_cat-dunk-low","7":"product_cat-mais-vendidos","8":"product_cat-nike","10":"first","11":"instock","12":"shipping-taxable","13":"purchasable","14":"product-type-variable"},"yoast_head":"<!-- This site is optimized with the Yoast SEO plugin v27.0 - https:\/\/yoast.com\/product\/yoast-seo-wordpress\/ -->\n<title>Nike Dunk Low Cinza\/Branco - DripCode Store<\/title>\n<meta name=\"robots\" content=\"index, follow, max-snippet:-1, max-image-preview:large, max-video-preview:-1\" \/>\n<link rel=\"canonical\" href=\"https:\/\/dripcodestore.com\/pt\/produto\/nike-dunk-low-cinza-branco\/\" \/>\n<meta property=\"og:locale\" content=\"pt_BR\" \/>\n<meta property=\"og:type\" content=\"article\" \/>\n<meta property=\"og:title\" content=\"Nike Dunk Low Cinza\/Branco - DripCode Store\" \/>\n<meta property=\"og:description\" content=\"As Nike Dunk Low s\u00e3o um \u00edcone do streetwear e da cultura sneaker. Inspiradas no basquetebol dos anos 80, estas sapatilhas combinam estilo cl\u00e1ssico com conforto moderno. Vers\u00e1teis e intemporais, as Nike Dunk Low adaptam-se a qualquer outfit, desde o casual ao urbano. Um must-have para colecionadores e amantes de sneakers.\" \/>\n<meta property=\"og:url\" content=\"https:\/\/dripcodestore.com\/pt\/produto\/nike-dunk-low-cinza-branco\/\" \/>\n<meta property=\"og:site_name\" content=\"DripCode Store\" \/>\n<meta property=\"article:modified_time\" content=\"2025-10-22T15:06:20+00:00\" \/>\n<meta property=\"og:image\" content=\"https:\/\/dripcodestore.com\/wp-content\/uploads\/2025\/10\/a596f7a8974d10aa4154f983ff9d4d3f.jpg\" \/>\n\t<meta property=\"og:image:width\" content=\"1200\" \/>\n\t<meta property=\"og:image:height\" content=\"1200\" \/>\n\t<meta property=\"og:image:type\" content=\"image\/jpeg\" \/>\n<meta name=\"twitter:card\" content=\"summary_large_image\" \/>\n<meta name=\"twitter:label1\" content=\"Est. tempo de leitura\" \/>\n\t<meta name=\"twitter:data1\" content=\"1 minuto\" \/>\n<script type=\"application\/ld+json\" class=\"yoast-schema-graph\">{\"@context\":\"https:\/\/schema.org\",\"@graph\":[{\"@type\":\"WebPage\",\"@id\":\"https:\/\/dripcodestore.com\/produto\/nike-dunk-low-cinza-branco\/\",\"url\":\"https:\/\/dripcodestore.com\/produto\/nike-dunk-low-cinza-branco\/\",\"name\":\"Nike Dunk Low Cinza\/Branco - DripCode Store\",\"isPartOf\":{\"@id\":\"https:\/\/dripcodestore.com\/#website\"},\"primaryImageOfPage\":{\"@id\":\"https:\/\/dripcodestore.com\/produto\/nike-dunk-low-cinza-branco\/#primaryimage\"},\"image\":{\"@id\":\"https:\/\/dripcodestore.com\/produto\/nike-dunk-low-cinza-branco\/#primaryimage\"},\"thumbnailUrl\":\"https:\/\/dripcodestore.com\/wp-content\/uploads\/2025\/10\/a596f7a8974d10aa4154f983ff9d4d3f.jpg\",\"datePublished\":\"2025-10-04T10:19:33+00:00\",\"dateModified\":\"2025-10-22T15:06:20+00:00\",\"breadcrumb\":{\"@id\":\"https:\/\/dripcodestore.com\/produto\/nike-dunk-low-cinza-branco\/#breadcrumb\"},\"inLanguage\":\"pt-BR\",\"potentialAction\":[{\"@type\":\"ReadAction\",\"target\":[\"https:\/\/dripcodestore.com\/produto\/nike-dunk-low-cinza-branco\/\"]}]},{\"@type\":\"ImageObject\",\"inLanguage\":\"pt-BR\",\"@id\":\"https:\/\/dripcodestore.com\/produto\/nike-dunk-low-cinza-branco\/#primaryimage\",\"url\":\"https:\/\/dripcodestore.com\/wp-content\/uploads\/2025\/10\/a596f7a8974d10aa4154f983ff9d4d3f.jpg\",\"contentUrl\":\"https:\/\/dripcodestore.com\/wp-content\/uploads\/2025\/10\/a596f7a8974d10aa4154f983ff9d4d3f.jpg\",\"width\":1200,\"height\":1200},{\"@type\":\"BreadcrumbList\",\"@id\":\"https:\/\/dripcodestore.com\/produto\/nike-dunk-low-cinza-branco\/#breadcrumb\",\"itemListElement\":[{\"@type\":\"ListItem\",\"position\":1,\"name\":\"In\u00edcio\",\"item\":\"https:\/\/dripcodestore.com\/\"},{\"@type\":\"ListItem\",\"position\":2,\"name\":\"Loja\",\"item\":\"https:\/\/dripcodestore.com\/loja\/\"},{\"@type\":\"ListItem\",\"position\":3,\"name\":\"Nike Dunk Low Cinza\/Branco\"}]},{\"@type\":\"WebSite\",\"@id\":\"https:\/\/dripcodestore.com\/#website\",\"url\":\"https:\/\/dripcodestore.com\/\",\"name\":\"DripCode Store\",\"description\":\"\",\"publisher\":{\"@id\":\"https:\/\/dripcodestore.com\/#organization\"},\"potentialAction\":[{\"@type\":\"SearchAction\",\"target\":{\"@type\":\"EntryPoint\",\"urlTemplate\":\"https:\/\/dripcodestore.com\/?s={search_term_string}\"},\"query-input\":{\"@type\":\"PropertyValueSpecification\",\"valueRequired\":true,\"valueName\":\"search_term_string\"}}],\"inLanguage\":\"pt-BR\"},{\"@type\":\"Organization\",\"@id\":\"https:\/\/dripcodestore.com\/#organization\",\"name\":\"DripCode Store\",\"url\":\"https:\/\/dripcodestore.com\/\",\"logo\":{\"@type\":\"ImageObject\",\"inLanguage\":\"pt-BR\",\"@id\":\"https:\/\/dripcodestore.com\/#\/schema\/logo\/image\/\",\"url\":\"https:\/\/dripcodestore.com\/wp-content\/uploads\/2025\/10\/drip.jpeg\",\"contentUrl\":\"https:\/\/dripcodestore.com\/wp-content\/uploads\/2025\/10\/drip.jpeg\",\"width\":1024,\"height\":1024,\"caption\":\"DripCode Store\"},\"image\":{\"@id\":\"https:\/\/dripcodestore.com\/#\/schema\/logo\/image\/\"}}]}<\/script>\n<!-- \/ Yoast SEO plugin. -->","yoast_head_json":{"title":"Nike Dunk Low Cinza\/Branco - DripCode Store","robots":{"index":"index","follow":"follow","max-snippet":"max-snippet:-1","max-image-preview":"max-image-preview:large","max-video-preview":"max-video-preview:-1"},"canonical":"https:\/\/dripcodestore.com\/pt\/produto\/nike-dunk-low-cinza-branco\/","og_locale":"pt_BR","og_type":"article","og_title":"Nike Dunk Low Cinza\/Branco - DripCode Store","og_description":"As Nike Dunk Low s\u00e3o um \u00edcone do streetwear e da cultura sneaker. Inspiradas no basquetebol dos anos 80, estas sapatilhas combinam estilo cl\u00e1ssico com conforto moderno. Vers\u00e1teis e intemporais, as Nike Dunk Low adaptam-se a qualquer outfit, desde o casual ao urbano. Um must-have para colecionadores e amantes de sneakers.","og_url":"https:\/\/dripcodestore.com\/pt\/produto\/nike-dunk-low-cinza-branco\/","og_site_name":"DripCode Store","article_modified_time":"2025-10-22T15:06:20+00:00","og_image":[{"width":1200,"height":1200,"url":"https:\/\/dripcodestore.com\/wp-content\/uploads\/2025\/10\/a596f7a8974d10aa4154f983ff9d4d3f.jpg","type":"image\/jpeg"}],"twitter_card":"summary_large_image","twitter_misc":{"Est. tempo de leitura":"1 minuto"},"schema":{"@context":"https:\/\/schema.org","@graph":[{"@type":"WebPage","@id":"https:\/\/dripcodestore.com\/produto\/nike-dunk-low-cinza-branco\/","url":"https:\/\/dripcodestore.com\/produto\/nike-dunk-low-cinza-branco\/","name":"Nike Dunk Low Cinza\/Branco - DripCode Store","isPartOf":{"@id":"https:\/\/dripcodestore.com\/#website"},"primaryImageOfPage":{"@id":"https:\/\/dripcodestore.com\/produto\/nike-dunk-low-cinza-branco\/#primaryimage"},"image":{"@id":"https:\/\/dripcodestore.com\/produto\/nike-dunk-low-cinza-branco\/#primaryimage"},"thumbnailUrl":"https:\/\/dripcodestore.com\/wp-content\/uploads\/2025\/10\/a596f7a8974d10aa4154f983ff9d4d3f.jpg","datePublished":"2025-10-04T10:19:33+00:00","dateModified":"2025-10-22T15:06:20+00:00","breadcrumb":{"@id":"https:\/\/dripcodestore.com\/produto\/nike-dunk-low-cinza-branco\/#breadcrumb"},"inLanguage":"pt-BR","potentialAction":[{"@type":"ReadAction","target":["https:\/\/dripcodestore.com\/produto\/nike-dunk-low-cinza-branco\/"]}]},{"@type":"ImageObject","inLanguage":"pt-BR","@id":"https:\/\/dripcodestore.com\/produto\/nike-dunk-low-cinza-branco\/#primaryimage","url":"https:\/\/dripcodestore.com\/wp-content\/uploads\/2025\/10\/a596f7a8974d10aa4154f983ff9d4d3f.jpg","contentUrl":"https:\/\/dripcodestore.com\/wp-content\/uploads\/2025\/10\/a596f7a8974d10aa4154f983ff9d4d3f.jpg","width":1200,"height":1200},{"@type":"BreadcrumbList","@id":"https:\/\/dripcodestore.com\/produto\/nike-dunk-low-cinza-branco\/#breadcrumb","itemListElement":[{"@type":"ListItem","position":1,"name":"In\u00edcio","item":"https:\/\/dripcodestore.com\/"},{"@type":"ListItem","position":2,"name":"Loja","item":"https:\/\/dripcodestore.com\/loja\/"},{"@type":"ListItem","position":3,"name":"Nike Dunk Low Cinza\/Branco"}]},{"@type":"WebSite","@id":"https:\/\/dripcodestore.com\/#website","url":"https:\/\/dripcodestore.com\/","name":"DripCode Store","description":"","publisher":{"@id":"https:\/\/dripcodestore.com\/#organization"},"potentialAction":[{"@type":"SearchAction","target":{"@type":"EntryPoint","urlTemplate":"https:\/\/dripcodestore.com\/?s={search_term_string}"},"query-input":{"@type":"PropertyValueSpecification","valueRequired":true,"valueName":"search_term_string"}}],"inLanguage":"pt-BR"},{"@type":"Organization","@id":"https:\/\/dripcodestore.com\/#organization","name":"DripCode Store","url":"https:\/\/dripcodestore.com\/","logo":{"@type":"ImageObject","inLanguage":"pt-BR","@id":"https:\/\/dripcodestore.com\/#\/schema\/logo\/image\/","url":"https:\/\/dripcodestore.com\/wp-content\/uploads\/2025\/10\/drip.jpeg","contentUrl":"https:\/\/dripcodestore.com\/wp-content\/uploads\/2025\/10\/drip.jpeg","width":1024,"height":1024,"caption":"DripCode Store"},"image":{"@id":"https:\/\/dripcodestore.com\/#\/schema\/logo\/image\/"}}]}},"_links":{"self":[{"href":"https:\/\/dripcodestore.com\/pt\/wp-json\/wp\/v2\/product\/1863","targetHints":{"allow":["GET"]}}],"collection":[{"href":"https:\/\/dripcodestore.com\/pt\/wp-json\/wp\/v2\/product"}],"about":[{"href":"https:\/\/dripcodestore.com\/pt\/wp-json\/wp\/v2\/types\/product"}],"replies":[{"embeddable":true,"href":"https:\/\/dripcodestore.com\/pt\/wp-json\/wp\/v2\/comments?post=1863"}],"wp:featuredmedia":[{"embeddable":true,"href":"https:\/\/dripcodestore.com\/pt\/wp-json\/wp\/v2\/media\/1875"}],"wp:attachment":[{"href":"https:\/\/dripcodestore.com\/pt\/wp-json\/wp\/v2\/media?parent=1863"}],"wp:term":[{"taxonomy":"product_brand","embeddable":true,"href":"https:\/\/dripcodestore.com\/pt\/wp-json\/wp\/v2\/product_brand?post=1863"},{"taxonomy":"product_cat","embeddable":true,"href":"https:\/\/dripcodestore.com\/pt\/wp-json\/wp\/v2\/product_cat?post=1863"},{"taxonomy":"product_tag","embeddable":true,"href":"https:\/\/dripcodestore.com\/pt\/wp-json\/wp\/v2\/product_tag?post=1863"}],"curies":[{"name":"wp","href":"https:\/\/api.w.org\/{rel}","templated":true}]}}