{"id":6687,"date":"2026-03-13T20:13:58","date_gmt":"2026-03-13T20:13:58","guid":{"rendered":"https:\/\/dripcodestore.com\/?post_type=product&#038;p=6687"},"modified":"2026-03-16T11:37:44","modified_gmt":"2026-03-16T11:37:44","slug":"adidas-samba-preto-glitter","status":"publish","type":"product","link":"https:\/\/dripcodestore.com\/pt\/produto\/adidas-samba-preto-glitter\/","title":{"rendered":"Adidas Samba Preto\/Glitter"},"content":{"rendered":"<ul>\n<li>Portes de Envio Gr\u00e1tis<\/li>\n<li>Entregas em 24\/48 horas<\/li>\n<li>Desconto de 10\u20ac na compra de 2 pares<\/li>\n<\/ul>","protected":false},"excerpt":{"rendered":"<p>Descobre as Adidas Samba Preto\/Glitter: o cl\u00e1ssico retro da Adidas, confort\u00e1vel e vers\u00e1til, perfeito para looks urbanos e casuais, agora com um toque de purpurina!<\/p>","protected":false},"featured_media":6772,"comment_status":"open","ping_status":"closed","template":"","meta":{"_joinchat":[]},"product_brand":[],"product_cat":[19,60],"product_tag":[],"class_list":{"0":"post-6687","1":"product","2":"type-product","3":"status-publish","4":"has-post-thumbnail","6":"product_cat-adidas","7":"product_cat-samba","9":"first","10":"instock","11":"shipping-taxable","12":"purchasable","13":"product-type-variable"},"yoast_head":"<!-- This site is optimized with the Yoast SEO plugin v27.0 - https:\/\/yoast.com\/product\/yoast-seo-wordpress\/ -->\n<title>Adidas Samba Preto\/Glitter - DripCode Store<\/title>\n<meta name=\"robots\" content=\"index, follow, max-snippet:-1, max-image-preview:large, max-video-preview:-1\" \/>\n<link rel=\"canonical\" href=\"https:\/\/dripcodestore.com\/pt\/produto\/adidas-samba-preto-glitter\/\" \/>\n<meta property=\"og:locale\" content=\"pt_BR\" \/>\n<meta property=\"og:type\" content=\"article\" \/>\n<meta property=\"og:title\" content=\"Adidas Samba Preto\/Glitter - DripCode Store\" \/>\n<meta property=\"og:description\" content=\"Descobre as Adidas Samba Preto\/Glitter: o cl\u00e1ssico retro da Adidas, confort\u00e1vel e vers\u00e1til, perfeito para looks urbanos e casuais, agora com um toque de purpurina!\" \/>\n<meta property=\"og:url\" content=\"https:\/\/dripcodestore.com\/pt\/produto\/adidas-samba-preto-glitter\/\" \/>\n<meta property=\"og:site_name\" content=\"DripCode Store\" \/>\n<meta property=\"article:modified_time\" content=\"2026-03-16T11:37:44+00:00\" \/>\n<meta property=\"og:image\" content=\"https:\/\/dripcodestore.com\/wp-content\/uploads\/2026\/03\/any-shoes.jpg\" \/>\n\t<meta property=\"og:image:width\" content=\"916\" \/>\n\t<meta property=\"og:image:height\" content=\"916\" \/>\n\t<meta property=\"og:image:type\" content=\"image\/jpeg\" \/>\n<meta name=\"twitter:card\" content=\"summary_large_image\" \/>\n<meta name=\"twitter:label1\" content=\"Est. tempo de leitura\" \/>\n\t<meta name=\"twitter:data1\" content=\"1 minuto\" \/>\n<script type=\"application\/ld+json\" class=\"yoast-schema-graph\">{\"@context\":\"https:\/\/schema.org\",\"@graph\":[{\"@type\":\"WebPage\",\"@id\":\"https:\/\/dripcodestore.com\/produto\/adidas-samba-preto-glitter\/\",\"url\":\"https:\/\/dripcodestore.com\/produto\/adidas-samba-preto-glitter\/\",\"name\":\"Adidas Samba Preto\/Glitter - DripCode Store\",\"isPartOf\":{\"@id\":\"https:\/\/dripcodestore.com\/#website\"},\"primaryImageOfPage\":{\"@id\":\"https:\/\/dripcodestore.com\/produto\/adidas-samba-preto-glitter\/#primaryimage\"},\"image\":{\"@id\":\"https:\/\/dripcodestore.com\/produto\/adidas-samba-preto-glitter\/#primaryimage\"},\"thumbnailUrl\":\"https:\/\/dripcodestore.com\/wp-content\/uploads\/2026\/03\/any-shoes.jpg\",\"datePublished\":\"2026-03-13T20:13:58+00:00\",\"dateModified\":\"2026-03-16T11:37:44+00:00\",\"breadcrumb\":{\"@id\":\"https:\/\/dripcodestore.com\/produto\/adidas-samba-preto-glitter\/#breadcrumb\"},\"inLanguage\":\"pt-BR\",\"potentialAction\":[{\"@type\":\"ReadAction\",\"target\":[\"https:\/\/dripcodestore.com\/produto\/adidas-samba-preto-glitter\/\"]}]},{\"@type\":\"ImageObject\",\"inLanguage\":\"pt-BR\",\"@id\":\"https:\/\/dripcodestore.com\/produto\/adidas-samba-preto-glitter\/#primaryimage\",\"url\":\"https:\/\/dripcodestore.com\/wp-content\/uploads\/2026\/03\/any-shoes.jpg\",\"contentUrl\":\"https:\/\/dripcodestore.com\/wp-content\/uploads\/2026\/03\/any-shoes.jpg\",\"width\":916,\"height\":916},{\"@type\":\"BreadcrumbList\",\"@id\":\"https:\/\/dripcodestore.com\/produto\/adidas-samba-preto-glitter\/#breadcrumb\",\"itemListElement\":[{\"@type\":\"ListItem\",\"position\":1,\"name\":\"In\u00edcio\",\"item\":\"https:\/\/dripcodestore.com\/\"},{\"@type\":\"ListItem\",\"position\":2,\"name\":\"Loja\",\"item\":\"https:\/\/dripcodestore.com\/loja\/\"},{\"@type\":\"ListItem\",\"position\":3,\"name\":\"Adidas Samba Preto\/Glitter\"}]},{\"@type\":\"WebSite\",\"@id\":\"https:\/\/dripcodestore.com\/#website\",\"url\":\"https:\/\/dripcodestore.com\/\",\"name\":\"DripCode Store\",\"description\":\"\",\"publisher\":{\"@id\":\"https:\/\/dripcodestore.com\/#organization\"},\"potentialAction\":[{\"@type\":\"SearchAction\",\"target\":{\"@type\":\"EntryPoint\",\"urlTemplate\":\"https:\/\/dripcodestore.com\/?s={search_term_string}\"},\"query-input\":{\"@type\":\"PropertyValueSpecification\",\"valueRequired\":true,\"valueName\":\"search_term_string\"}}],\"inLanguage\":\"pt-BR\"},{\"@type\":\"Organization\",\"@id\":\"https:\/\/dripcodestore.com\/#organization\",\"name\":\"DripCode Store\",\"url\":\"https:\/\/dripcodestore.com\/\",\"logo\":{\"@type\":\"ImageObject\",\"inLanguage\":\"pt-BR\",\"@id\":\"https:\/\/dripcodestore.com\/#\/schema\/logo\/image\/\",\"url\":\"https:\/\/dripcodestore.com\/wp-content\/uploads\/2025\/10\/drip.jpeg\",\"contentUrl\":\"https:\/\/dripcodestore.com\/wp-content\/uploads\/2025\/10\/drip.jpeg\",\"width\":1024,\"height\":1024,\"caption\":\"DripCode Store\"},\"image\":{\"@id\":\"https:\/\/dripcodestore.com\/#\/schema\/logo\/image\/\"}}]}<\/script>\n<!-- \/ Yoast SEO plugin. -->","yoast_head_json":{"title":"Adidas Samba Preto\/Glitter - DripCode Store","robots":{"index":"index","follow":"follow","max-snippet":"max-snippet:-1","max-image-preview":"max-image-preview:large","max-video-preview":"max-video-preview:-1"},"canonical":"https:\/\/dripcodestore.com\/pt\/produto\/adidas-samba-preto-glitter\/","og_locale":"pt_BR","og_type":"article","og_title":"Adidas Samba Preto\/Glitter - DripCode Store","og_description":"Descobre as Adidas Samba Preto\/Glitter: o cl\u00e1ssico retro da Adidas, confort\u00e1vel e vers\u00e1til, perfeito para looks urbanos e casuais, agora com um toque de purpurina!","og_url":"https:\/\/dripcodestore.com\/pt\/produto\/adidas-samba-preto-glitter\/","og_site_name":"DripCode Store","article_modified_time":"2026-03-16T11:37:44+00:00","og_image":[{"width":916,"height":916,"url":"https:\/\/dripcodestore.com\/wp-content\/uploads\/2026\/03\/any-shoes.jpg","type":"image\/jpeg"}],"twitter_card":"summary_large_image","twitter_misc":{"Est. tempo de leitura":"1 minuto"},"schema":{"@context":"https:\/\/schema.org","@graph":[{"@type":"WebPage","@id":"https:\/\/dripcodestore.com\/produto\/adidas-samba-preto-glitter\/","url":"https:\/\/dripcodestore.com\/produto\/adidas-samba-preto-glitter\/","name":"Adidas Samba Preto\/Glitter - DripCode Store","isPartOf":{"@id":"https:\/\/dripcodestore.com\/#website"},"primaryImageOfPage":{"@id":"https:\/\/dripcodestore.com\/produto\/adidas-samba-preto-glitter\/#primaryimage"},"image":{"@id":"https:\/\/dripcodestore.com\/produto\/adidas-samba-preto-glitter\/#primaryimage"},"thumbnailUrl":"https:\/\/dripcodestore.com\/wp-content\/uploads\/2026\/03\/any-shoes.jpg","datePublished":"2026-03-13T20:13:58+00:00","dateModified":"2026-03-16T11:37:44+00:00","breadcrumb":{"@id":"https:\/\/dripcodestore.com\/produto\/adidas-samba-preto-glitter\/#breadcrumb"},"inLanguage":"pt-BR","potentialAction":[{"@type":"ReadAction","target":["https:\/\/dripcodestore.com\/produto\/adidas-samba-preto-glitter\/"]}]},{"@type":"ImageObject","inLanguage":"pt-BR","@id":"https:\/\/dripcodestore.com\/produto\/adidas-samba-preto-glitter\/#primaryimage","url":"https:\/\/dripcodestore.com\/wp-content\/uploads\/2026\/03\/any-shoes.jpg","contentUrl":"https:\/\/dripcodestore.com\/wp-content\/uploads\/2026\/03\/any-shoes.jpg","width":916,"height":916},{"@type":"BreadcrumbList","@id":"https:\/\/dripcodestore.com\/produto\/adidas-samba-preto-glitter\/#breadcrumb","itemListElement":[{"@type":"ListItem","position":1,"name":"In\u00edcio","item":"https:\/\/dripcodestore.com\/"},{"@type":"ListItem","position":2,"name":"Loja","item":"https:\/\/dripcodestore.com\/loja\/"},{"@type":"ListItem","position":3,"name":"Adidas Samba Preto\/Glitter"}]},{"@type":"WebSite","@id":"https:\/\/dripcodestore.com\/#website","url":"https:\/\/dripcodestore.com\/","name":"DripCode Store","description":"","publisher":{"@id":"https:\/\/dripcodestore.com\/#organization"},"potentialAction":[{"@type":"SearchAction","target":{"@type":"EntryPoint","urlTemplate":"https:\/\/dripcodestore.com\/?s={search_term_string}"},"query-input":{"@type":"PropertyValueSpecification","valueRequired":true,"valueName":"search_term_string"}}],"inLanguage":"pt-BR"},{"@type":"Organization","@id":"https:\/\/dripcodestore.com\/#organization","name":"DripCode Store","url":"https:\/\/dripcodestore.com\/","logo":{"@type":"ImageObject","inLanguage":"pt-BR","@id":"https:\/\/dripcodestore.com\/#\/schema\/logo\/image\/","url":"https:\/\/dripcodestore.com\/wp-content\/uploads\/2025\/10\/drip.jpeg","contentUrl":"https:\/\/dripcodestore.com\/wp-content\/uploads\/2025\/10\/drip.jpeg","width":1024,"height":1024,"caption":"DripCode Store"},"image":{"@id":"https:\/\/dripcodestore.com\/#\/schema\/logo\/image\/"}}]}},"_links":{"self":[{"href":"https:\/\/dripcodestore.com\/pt\/wp-json\/wp\/v2\/product\/6687","targetHints":{"allow":["GET"]}}],"collection":[{"href":"https:\/\/dripcodestore.com\/pt\/wp-json\/wp\/v2\/product"}],"about":[{"href":"https:\/\/dripcodestore.com\/pt\/wp-json\/wp\/v2\/types\/product"}],"replies":[{"embeddable":true,"href":"https:\/\/dripcodestore.com\/pt\/wp-json\/wp\/v2\/comments?post=6687"}],"wp:featuredmedia":[{"embeddable":true,"href":"https:\/\/dripcodestore.com\/pt\/wp-json\/wp\/v2\/media\/6772"}],"wp:attachment":[{"href":"https:\/\/dripcodestore.com\/pt\/wp-json\/wp\/v2\/media?parent=6687"}],"wp:term":[{"taxonomy":"product_brand","embeddable":true,"href":"https:\/\/dripcodestore.com\/pt\/wp-json\/wp\/v2\/product_brand?post=6687"},{"taxonomy":"product_cat","embeddable":true,"href":"https:\/\/dripcodestore.com\/pt\/wp-json\/wp\/v2\/product_cat?post=6687"},{"taxonomy":"product_tag","embeddable":true,"href":"https:\/\/dripcodestore.com\/pt\/wp-json\/wp\/v2\/product_tag?post=6687"}],"curies":[{"name":"wp","href":"https:\/\/api.w.org\/{rel}","templated":true}]}}