{"id":7155,"date":"2026-03-26T12:09:56","date_gmt":"2026-03-26T12:09:56","guid":{"rendered":"https:\/\/dripcodestore.com\/?post_type=product&#038;p=7155"},"modified":"2026-03-26T12:09:56","modified_gmt":"2026-03-26T12:09:56","slug":"adidas-tokyo-azul-vermelho","status":"publish","type":"product","link":"https:\/\/dripcodestore.com\/pt\/produto\/adidas-tokyo-azul-vermelho\/","title":{"rendered":"Adidas Tokyo Azul Vermelho"},"content":{"rendered":"<ul>\n<li>Portes de Envio Gr\u00e1tis<\/li>\n<li>Entregas em 24\/48 horas<\/li>\n<li>Desconto de 10\u20ac na compra de 2 pares<\/li>\n<\/ul>","protected":false},"excerpt":{"rendered":"<p>Adidas Tokyo \u00e9 um modelo de t\u00e9nis inspirado no estilo retro running, combinando design cl\u00e1ssico com conforto moderno. Leve e vers\u00e1til, \u00e9 ideal para o dia a dia e para quem procura um visual urbano com a qualidade ic\u00f3nica da Adidas.<\/p>","protected":false},"featured_media":7163,"comment_status":"open","ping_status":"closed","template":"","meta":{"_joinchat":[]},"product_brand":[],"product_cat":[19,94],"product_tag":[],"class_list":{"0":"post-7155","1":"product","2":"type-product","3":"status-publish","4":"has-post-thumbnail","6":"product_cat-adidas","7":"product_cat-tokyo","9":"first","10":"instock","11":"shipping-taxable","12":"purchasable","13":"product-type-variable"},"yoast_head":"<!-- This site is optimized with the Yoast SEO plugin v27.0 - https:\/\/yoast.com\/product\/yoast-seo-wordpress\/ -->\n<title>Adidas Tokyo Azul Vermelho - DripCode Store<\/title>\n<meta name=\"robots\" content=\"index, follow, max-snippet:-1, max-image-preview:large, max-video-preview:-1\" \/>\n<link rel=\"canonical\" href=\"https:\/\/dripcodestore.com\/pt\/produto\/adidas-tokyo-azul-vermelho\/\" \/>\n<meta property=\"og:locale\" content=\"pt_BR\" \/>\n<meta property=\"og:type\" content=\"article\" \/>\n<meta property=\"og:title\" content=\"Adidas Tokyo Azul Vermelho - DripCode Store\" \/>\n<meta property=\"og:description\" content=\"Adidas Tokyo \u00e9 um modelo de t\u00e9nis inspirado no estilo retro running, combinando design cl\u00e1ssico com conforto moderno. Leve e vers\u00e1til, \u00e9 ideal para o dia a dia e para quem procura um visual urbano com a qualidade ic\u00f3nica da Adidas.\" \/>\n<meta property=\"og:url\" content=\"https:\/\/dripcodestore.com\/pt\/produto\/adidas-tokyo-azul-vermelho\/\" \/>\n<meta property=\"og:site_name\" content=\"DripCode Store\" \/>\n<meta property=\"og:image\" content=\"https:\/\/dripcodestore.com\/wp-content\/uploads\/2026\/03\/Branco_Azul_vermelho2_1x1.jpeg\" \/>\n\t<meta property=\"og:image:width\" content=\"1271\" \/>\n\t<meta property=\"og:image:height\" content=\"1271\" \/>\n\t<meta property=\"og:image:type\" content=\"image\/jpeg\" \/>\n<meta name=\"twitter:card\" content=\"summary_large_image\" \/>\n<meta name=\"twitter:label1\" content=\"Est. tempo de leitura\" \/>\n\t<meta name=\"twitter:data1\" content=\"1 minuto\" \/>\n<script type=\"application\/ld+json\" class=\"yoast-schema-graph\">{\"@context\":\"https:\/\/schema.org\",\"@graph\":[{\"@type\":\"WebPage\",\"@id\":\"https:\/\/dripcodestore.com\/produto\/adidas-tokyo-azul-vermelho\/\",\"url\":\"https:\/\/dripcodestore.com\/produto\/adidas-tokyo-azul-vermelho\/\",\"name\":\"Adidas Tokyo Azul Vermelho - DripCode Store\",\"isPartOf\":{\"@id\":\"https:\/\/dripcodestore.com\/#website\"},\"primaryImageOfPage\":{\"@id\":\"https:\/\/dripcodestore.com\/produto\/adidas-tokyo-azul-vermelho\/#primaryimage\"},\"image\":{\"@id\":\"https:\/\/dripcodestore.com\/produto\/adidas-tokyo-azul-vermelho\/#primaryimage\"},\"thumbnailUrl\":\"https:\/\/dripcodestore.com\/wp-content\/uploads\/2026\/03\/Branco_Azul_vermelho2_1x1.jpeg\",\"datePublished\":\"2026-03-26T12:09:56+00:00\",\"breadcrumb\":{\"@id\":\"https:\/\/dripcodestore.com\/produto\/adidas-tokyo-azul-vermelho\/#breadcrumb\"},\"inLanguage\":\"pt-BR\",\"potentialAction\":[{\"@type\":\"ReadAction\",\"target\":[\"https:\/\/dripcodestore.com\/produto\/adidas-tokyo-azul-vermelho\/\"]}]},{\"@type\":\"ImageObject\",\"inLanguage\":\"pt-BR\",\"@id\":\"https:\/\/dripcodestore.com\/produto\/adidas-tokyo-azul-vermelho\/#primaryimage\",\"url\":\"https:\/\/dripcodestore.com\/wp-content\/uploads\/2026\/03\/Branco_Azul_vermelho2_1x1.jpeg\",\"contentUrl\":\"https:\/\/dripcodestore.com\/wp-content\/uploads\/2026\/03\/Branco_Azul_vermelho2_1x1.jpeg\",\"width\":1271,\"height\":1271},{\"@type\":\"BreadcrumbList\",\"@id\":\"https:\/\/dripcodestore.com\/produto\/adidas-tokyo-azul-vermelho\/#breadcrumb\",\"itemListElement\":[{\"@type\":\"ListItem\",\"position\":1,\"name\":\"In\u00edcio\",\"item\":\"https:\/\/dripcodestore.com\/\"},{\"@type\":\"ListItem\",\"position\":2,\"name\":\"Loja\",\"item\":\"https:\/\/dripcodestore.com\/loja\/\"},{\"@type\":\"ListItem\",\"position\":3,\"name\":\"Adidas Tokyo Azul Vermelho\"}]},{\"@type\":\"WebSite\",\"@id\":\"https:\/\/dripcodestore.com\/#website\",\"url\":\"https:\/\/dripcodestore.com\/\",\"name\":\"DripCode Store\",\"description\":\"\",\"publisher\":{\"@id\":\"https:\/\/dripcodestore.com\/#organization\"},\"potentialAction\":[{\"@type\":\"SearchAction\",\"target\":{\"@type\":\"EntryPoint\",\"urlTemplate\":\"https:\/\/dripcodestore.com\/?s={search_term_string}\"},\"query-input\":{\"@type\":\"PropertyValueSpecification\",\"valueRequired\":true,\"valueName\":\"search_term_string\"}}],\"inLanguage\":\"pt-BR\"},{\"@type\":\"Organization\",\"@id\":\"https:\/\/dripcodestore.com\/#organization\",\"name\":\"DripCode Store\",\"url\":\"https:\/\/dripcodestore.com\/\",\"logo\":{\"@type\":\"ImageObject\",\"inLanguage\":\"pt-BR\",\"@id\":\"https:\/\/dripcodestore.com\/#\/schema\/logo\/image\/\",\"url\":\"https:\/\/dripcodestore.com\/wp-content\/uploads\/2025\/10\/drip.jpeg\",\"contentUrl\":\"https:\/\/dripcodestore.com\/wp-content\/uploads\/2025\/10\/drip.jpeg\",\"width\":1024,\"height\":1024,\"caption\":\"DripCode Store\"},\"image\":{\"@id\":\"https:\/\/dripcodestore.com\/#\/schema\/logo\/image\/\"}}]}<\/script>\n<!-- \/ Yoast SEO plugin. -->","yoast_head_json":{"title":"Adidas Tokyo Azul Vermelho - DripCode Store","robots":{"index":"index","follow":"follow","max-snippet":"max-snippet:-1","max-image-preview":"max-image-preview:large","max-video-preview":"max-video-preview:-1"},"canonical":"https:\/\/dripcodestore.com\/pt\/produto\/adidas-tokyo-azul-vermelho\/","og_locale":"pt_BR","og_type":"article","og_title":"Adidas Tokyo Azul Vermelho - DripCode Store","og_description":"Adidas Tokyo \u00e9 um modelo de t\u00e9nis inspirado no estilo retro running, combinando design cl\u00e1ssico com conforto moderno. Leve e vers\u00e1til, \u00e9 ideal para o dia a dia e para quem procura um visual urbano com a qualidade ic\u00f3nica da Adidas.","og_url":"https:\/\/dripcodestore.com\/pt\/produto\/adidas-tokyo-azul-vermelho\/","og_site_name":"DripCode Store","og_image":[{"width":1271,"height":1271,"url":"https:\/\/dripcodestore.com\/wp-content\/uploads\/2026\/03\/Branco_Azul_vermelho2_1x1.jpeg","type":"image\/jpeg"}],"twitter_card":"summary_large_image","twitter_misc":{"Est. tempo de leitura":"1 minuto"},"schema":{"@context":"https:\/\/schema.org","@graph":[{"@type":"WebPage","@id":"https:\/\/dripcodestore.com\/produto\/adidas-tokyo-azul-vermelho\/","url":"https:\/\/dripcodestore.com\/produto\/adidas-tokyo-azul-vermelho\/","name":"Adidas Tokyo Azul Vermelho - DripCode Store","isPartOf":{"@id":"https:\/\/dripcodestore.com\/#website"},"primaryImageOfPage":{"@id":"https:\/\/dripcodestore.com\/produto\/adidas-tokyo-azul-vermelho\/#primaryimage"},"image":{"@id":"https:\/\/dripcodestore.com\/produto\/adidas-tokyo-azul-vermelho\/#primaryimage"},"thumbnailUrl":"https:\/\/dripcodestore.com\/wp-content\/uploads\/2026\/03\/Branco_Azul_vermelho2_1x1.jpeg","datePublished":"2026-03-26T12:09:56+00:00","breadcrumb":{"@id":"https:\/\/dripcodestore.com\/produto\/adidas-tokyo-azul-vermelho\/#breadcrumb"},"inLanguage":"pt-BR","potentialAction":[{"@type":"ReadAction","target":["https:\/\/dripcodestore.com\/produto\/adidas-tokyo-azul-vermelho\/"]}]},{"@type":"ImageObject","inLanguage":"pt-BR","@id":"https:\/\/dripcodestore.com\/produto\/adidas-tokyo-azul-vermelho\/#primaryimage","url":"https:\/\/dripcodestore.com\/wp-content\/uploads\/2026\/03\/Branco_Azul_vermelho2_1x1.jpeg","contentUrl":"https:\/\/dripcodestore.com\/wp-content\/uploads\/2026\/03\/Branco_Azul_vermelho2_1x1.jpeg","width":1271,"height":1271},{"@type":"BreadcrumbList","@id":"https:\/\/dripcodestore.com\/produto\/adidas-tokyo-azul-vermelho\/#breadcrumb","itemListElement":[{"@type":"ListItem","position":1,"name":"In\u00edcio","item":"https:\/\/dripcodestore.com\/"},{"@type":"ListItem","position":2,"name":"Loja","item":"https:\/\/dripcodestore.com\/loja\/"},{"@type":"ListItem","position":3,"name":"Adidas Tokyo Azul Vermelho"}]},{"@type":"WebSite","@id":"https:\/\/dripcodestore.com\/#website","url":"https:\/\/dripcodestore.com\/","name":"DripCode Store","description":"","publisher":{"@id":"https:\/\/dripcodestore.com\/#organization"},"potentialAction":[{"@type":"SearchAction","target":{"@type":"EntryPoint","urlTemplate":"https:\/\/dripcodestore.com\/?s={search_term_string}"},"query-input":{"@type":"PropertyValueSpecification","valueRequired":true,"valueName":"search_term_string"}}],"inLanguage":"pt-BR"},{"@type":"Organization","@id":"https:\/\/dripcodestore.com\/#organization","name":"DripCode Store","url":"https:\/\/dripcodestore.com\/","logo":{"@type":"ImageObject","inLanguage":"pt-BR","@id":"https:\/\/dripcodestore.com\/#\/schema\/logo\/image\/","url":"https:\/\/dripcodestore.com\/wp-content\/uploads\/2025\/10\/drip.jpeg","contentUrl":"https:\/\/dripcodestore.com\/wp-content\/uploads\/2025\/10\/drip.jpeg","width":1024,"height":1024,"caption":"DripCode Store"},"image":{"@id":"https:\/\/dripcodestore.com\/#\/schema\/logo\/image\/"}}]}},"_links":{"self":[{"href":"https:\/\/dripcodestore.com\/pt\/wp-json\/wp\/v2\/product\/7155","targetHints":{"allow":["GET"]}}],"collection":[{"href":"https:\/\/dripcodestore.com\/pt\/wp-json\/wp\/v2\/product"}],"about":[{"href":"https:\/\/dripcodestore.com\/pt\/wp-json\/wp\/v2\/types\/product"}],"replies":[{"embeddable":true,"href":"https:\/\/dripcodestore.com\/pt\/wp-json\/wp\/v2\/comments?post=7155"}],"wp:featuredmedia":[{"embeddable":true,"href":"https:\/\/dripcodestore.com\/pt\/wp-json\/wp\/v2\/media\/7163"}],"wp:attachment":[{"href":"https:\/\/dripcodestore.com\/pt\/wp-json\/wp\/v2\/media?parent=7155"}],"wp:term":[{"taxonomy":"product_brand","embeddable":true,"href":"https:\/\/dripcodestore.com\/pt\/wp-json\/wp\/v2\/product_brand?post=7155"},{"taxonomy":"product_cat","embeddable":true,"href":"https:\/\/dripcodestore.com\/pt\/wp-json\/wp\/v2\/product_cat?post=7155"},{"taxonomy":"product_tag","embeddable":true,"href":"https:\/\/dripcodestore.com\/pt\/wp-json\/wp\/v2\/product_tag?post=7155"}],"curies":[{"name":"wp","href":"https:\/\/api.w.org\/{rel}","templated":true}]}}